{"id":2,"date":"2023-09-09T10:10:56","date_gmt":"2023-09-09T10:10:56","guid":{"rendered":"https:\/\/taxi-pohl.de\/?page_id=2"},"modified":"2024-05-13T06:52:38","modified_gmt":"2024-05-13T06:52:38","slug":"ueber-uns","status":"publish","type":"page","link":"https:\/\/taxi-pohl.de\/?page_id=2","title":{"rendered":"\u00dcber Uns"},"content":{"rendered":"\n<p>Taxi Pohl ist das \u00e4lteste Taxi Unternehmen in Br\u00fchl. 1924 von Josef Lange gegr\u00fcndet als Fuhrunternehmen und von seinem Stiefsohn Bert Th\u00f6nniges weitergef\u00fchrt. Im Jahr 2001 wurde es von seiner Schwester und seinem Schwager Anita und Gerd Pohl weitergef\u00fchrt. 2020 \u00fcbernahm mit J\u00f6rg und Sandra Pohl die n\u00e4chste Generation.<\/p>\n\n\n\n<div class=\"wp-block-media-text has-media-on-the-right is-stacked-on-mobile is-vertically-aligned-center\" style=\"grid-template-columns:auto 35%\"><div class=\"wp-block-media-text__content\">\n<p>Diese Zeichnung zeigt den Br\u00fchler Markt. Der Blick geht nach Westen. Auf der linken Seite ist der Eingang zur Fahrradwache. Die Zeichnung entstand in den 50er Jahren. (1950 Zeichnung: Gerd Pohl)<\/p>\n<\/div><figure class=\"wp-block-media-text__media\"><img data-recalc-dims=\"1\" loading=\"lazy\" decoding=\"async\" width=\"950\" height=\"672\" src=\"https:\/\/i0.wp.com\/taxi-pohl.de\/wp-content\/uploads\/2024\/05\/Fahrradwache-Zeichnung.jpg?resize=950%2C672&amp;ssl=1\" alt=\"\" class=\"wp-image-502 size-full\" srcset=\"https:\/\/i0.wp.com\/taxi-pohl.de\/wp-content\/uploads\/2024\/05\/Fahrradwache-Zeichnung-scaled.jpg?resize=1024%2C724&amp;ssl=1 1024w, https:\/\/i0.wp.com\/taxi-pohl.de\/wp-content\/uploads\/2024\/05\/Fahrradwache-Zeichnung-scaled.jpg?resize=300%2C212&amp;ssl=1 300w, https:\/\/i0.wp.com\/taxi-pohl.de\/wp-content\/uploads\/2024\/05\/Fahrradwache-Zeichnung-scaled.jpg?resize=2000%2C1414&amp;ssl=1 2000w, https:\/\/i0.wp.com\/taxi-pohl.de\/wp-content\/uploads\/2024\/05\/Fahrradwache-Zeichnung-scaled.jpg?w=1900&amp;ssl=1 1900w\" sizes=\"(max-width: 950px) 100vw, 950px\" \/><\/figure><\/div>\n\n\n\n<div class=\"wp-block-media-text is-stacked-on-mobile\" style=\"grid-template-columns:15% auto\"><figure class=\"wp-block-media-text__media\"><img data-recalc-dims=\"1\" loading=\"lazy\" decoding=\"async\" width=\"717\" height=\"1024\" src=\"https:\/\/i0.wp.com\/taxi-pohl.de\/wp-content\/uploads\/2024\/05\/1956-Bodensee-Franziska-Pohl-Josef-Langen.jpg?resize=717%2C1024&amp;ssl=1\" alt=\"\" class=\"wp-image-499 size-full\" srcset=\"https:\/\/i0.wp.com\/taxi-pohl.de\/wp-content\/uploads\/2024\/05\/1956-Bodensee-Franziska-Pohl-Josef-Langen.jpg?resize=717%2C1024&amp;ssl=1 717w, https:\/\/i0.wp.com\/taxi-pohl.de\/wp-content\/uploads\/2024\/05\/1956-Bodensee-Franziska-Pohl-Josef-Langen.jpg?resize=210%2C300&amp;ssl=1 210w, https:\/\/i0.wp.com\/taxi-pohl.de\/wp-content\/uploads\/2024\/05\/1956-Bodensee-Franziska-Pohl-Josef-Langen.jpg?w=919&amp;ssl=1 919w\" sizes=\"(max-width: 717px) 100vw, 717px\" \/><\/figure><div class=\"wp-block-media-text__content\">\n<p>Franziska Th\u00f6nniges und Josef Lange 1956 beim gemeinsamen Spaziergang. Josef Lange gr\u00fcndete das Unternehmen 1924 als Fuhrbetrieb. Nach dem Krieg kam zun\u00e4chst die Fahrradwache und sp\u00e4ter drei VW K\u00e4fer f\u00fcr den Personentransport zum Einsatz. (1956 &#8211; Bild: Anita Pohl)<\/p>\n<\/div><\/div>\n\n\n\n<div class=\"wp-block-media-text has-media-on-the-right is-stacked-on-mobile\" style=\"grid-template-columns:auto 18%\"><div class=\"wp-block-media-text__content\">\n<p>1975 \u00fcbernahm Siegbert Th\u00f6nniges das Unternehmen von seinem Stiefvater Josef Langen und f\u00fchrte es bis zu seinem Tode 2001. Er baute den Taxi Betrieb aus und hatte 13 Taxen die Rund um die Uhr im Einsatz waren. (2000 &#8211; Bild: Frank Pohl)<\/p>\n<\/div><figure class=\"wp-block-media-text__media\"><img data-recalc-dims=\"1\" loading=\"lazy\" decoding=\"async\" width=\"289\" height=\"397\" src=\"https:\/\/i0.wp.com\/taxi-pohl.de\/wp-content\/uploads\/2024\/05\/2000-Bert-Thoenniges.jpg?resize=289%2C397&amp;ssl=1\" alt=\"\" class=\"wp-image-501 size-full\" srcset=\"https:\/\/i0.wp.com\/taxi-pohl.de\/wp-content\/uploads\/2024\/05\/2000-Bert-Thoenniges.jpg?w=289&amp;ssl=1 289w, https:\/\/i0.wp.com\/taxi-pohl.de\/wp-content\/uploads\/2024\/05\/2000-Bert-Thoenniges.jpg?resize=218%2C300&amp;ssl=1 218w\" sizes=\"(max-width: 289px) 100vw, 289px\" \/><\/figure><\/div>\n\n\n\n<div class=\"wp-block-media-text is-stacked-on-mobile\" style=\"grid-template-columns:16% auto\"><figure class=\"wp-block-media-text__media\"><img data-recalc-dims=\"1\" loading=\"lazy\" decoding=\"async\" width=\"513\" height=\"795\" src=\"https:\/\/i0.wp.com\/taxi-pohl.de\/wp-content\/uploads\/2024\/05\/Anita-Pohl.jpg?resize=513%2C795&amp;ssl=1\" alt=\"\" class=\"wp-image-511 size-full\" srcset=\"https:\/\/i0.wp.com\/taxi-pohl.de\/wp-content\/uploads\/2024\/05\/Anita-Pohl.jpg?w=513&amp;ssl=1 513w, https:\/\/i0.wp.com\/taxi-pohl.de\/wp-content\/uploads\/2024\/05\/Anita-Pohl.jpg?resize=194%2C300&amp;ssl=1 194w\" sizes=\"(max-width: 513px) 100vw, 513px\" \/><\/figure><div class=\"wp-block-media-text__content\">\n<p>Anita Pohl Pohl f\u00fchrte bis in das 2020 das Unternehmen mit Ihrem Mann Gerd Pohl das Unternehmen. Ein Famili\u00e4rer F\u00fchrungsstil war Anita Pohl immer wichtig. Soziale Verantwortung gegen\u00fcber den Mitarbeitern war ihr selbstverst\u00e4ndnis. Gemeinsam \u00fcbergaben sie das Taxi Gesch\u00e4ft in J\u00fcngere H\u00e4nde. Der Neffe J\u00f6rg Pohl \u00fcbernahm mit seiner Frau Sandra. (2022 &#8211; Bild: Frank Pohl)<\/p>\n<\/div><\/div>\n\n\n\n<div class=\"wp-block-media-text has-media-on-the-right is-stacked-on-mobile\" style=\"grid-template-columns:auto 15%\"><div class=\"wp-block-media-text__content\">\n<p>Gerd Pohl entschied sich nach dem Tod von Bert Th\u00f6nniges im Jahre 2001 das Unternehmen zu sanieren und weiter zu F\u00fchren. Gemeinsam mit seiner Frau Anita f\u00fchrte er das Unternehmen in das n\u00e4chste Jahrtausend. Die Fahrzeugflotte wurde modernisiert und erweitert. Besonders wurde auch die Qualit\u00e4t der Mitarbeiter und Fahrahrzeuge geachtet. (2020 &#8211; Bild: Frank Pohl)<\/p>\n<\/div><figure class=\"wp-block-media-text__media\"><img data-recalc-dims=\"1\" loading=\"lazy\" decoding=\"async\" width=\"361\" height=\"558\" src=\"https:\/\/i0.wp.com\/taxi-pohl.de\/wp-content\/uploads\/2024\/05\/Gerd-Pohl.jpg?resize=361%2C558&amp;ssl=1\" alt=\"\" class=\"wp-image-512 size-full\" srcset=\"https:\/\/i0.wp.com\/taxi-pohl.de\/wp-content\/uploads\/2024\/05\/Gerd-Pohl.jpg?w=361&amp;ssl=1 361w, https:\/\/i0.wp.com\/taxi-pohl.de\/wp-content\/uploads\/2024\/05\/Gerd-Pohl.jpg?resize=194%2C300&amp;ssl=1 194w\" sizes=\"(max-width: 361px) 100vw, 361px\" \/><\/figure><\/div>\n\n\n\n<div class=\"wp-block-group has-global-padding is-layout-constrained wp-block-group-is-layout-constrained\">\n<ul class=\"wp-block-social-links is-layout-flex wp-block-social-links-is-layout-flex\"><li class=\"wp-social-link wp-social-link-facebook  wp-block-social-link\"><a href=\"https:\/\/www.facebook.com\/TaxiPohl\/\" class=\"wp-block-social-link-anchor\"><svg width=\"24\" height=\"24\" viewBox=\"0 0 24 24\" version=\"1.1\" xmlns=\"http:\/\/www.w3.org\/2000\/svg\" aria-hidden=\"true\" focusable=\"false\"><path d=\"M12 2C6.5 2 2 6.5 2 12c0 5 3.7 9.1 8.4 9.9v-7H7.9V12h2.5V9.8c0-2.5 1.5-3.9 3.8-3.9 1.1 0 2.2.2 2.2.2v2.5h-1.3c-1.2 0-1.6.8-1.6 1.6V12h2.8l-.4 2.9h-2.3v7C18.3 21.1 22 17 22 12c0-5.5-4.5-10-10-10z\"><\/path><\/svg><span class=\"wp-block-social-link-label screen-reader-text\">Facebook<\/span><\/a><\/li><\/ul>\n<\/div>\n\n\n\n<ul class=\"wp-block-social-links is-layout-flex wp-block-social-links-is-layout-flex\"><\/ul>\n\n\n\n<figure class=\"wp-block-image size-large is-resized\"><img data-recalc-dims=\"1\" loading=\"lazy\" decoding=\"async\" width=\"737\" height=\"1024\" src=\"https:\/\/i0.wp.com\/taxi-pohl.de\/wp-content\/uploads\/2024\/05\/1998-60-Geburtstag-Bert-Thoenniges.jpg?resize=737%2C1024&amp;ssl=1\" alt=\"\" class=\"wp-image-504\" style=\"width:1132px;height:auto\" srcset=\"https:\/\/i0.wp.com\/taxi-pohl.de\/wp-content\/uploads\/2024\/05\/1998-60-Geburtstag-Bert-Thoenniges-scaled.jpg?resize=737%2C1024&amp;ssl=1 737w, https:\/\/i0.wp.com\/taxi-pohl.de\/wp-content\/uploads\/2024\/05\/1998-60-Geburtstag-Bert-Thoenniges-scaled.jpg?resize=216%2C300&amp;ssl=1 216w, https:\/\/i0.wp.com\/taxi-pohl.de\/wp-content\/uploads\/2024\/05\/1998-60-Geburtstag-Bert-Thoenniges-scaled.jpg?resize=2000%2C2779&amp;ssl=1 2000w, https:\/\/i0.wp.com\/taxi-pohl.de\/wp-content\/uploads\/2024\/05\/1998-60-Geburtstag-Bert-Thoenniges-scaled.jpg?w=1842&amp;ssl=1 1842w\" sizes=\"(max-width: 737px) 100vw, 737px\" \/><figcaption class=\"wp-element-caption\">Bericht aus dem Br\u00fchler Bilderbogen 1998 von Marlies Fey Bursch<\/figcaption><\/figure>\n","protected":false},"excerpt":{"rendered":"<p>Taxi Pohl ist das \u00e4lteste Taxi Unternehmen in Br\u00fchl. 1924 von Josef Lange gegr\u00fcndet als Fuhrunternehmen und von seinem Stiefsohn Bert Th\u00f6nniges weitergef\u00fchrt. Im Jahr 2001 wurde es von seiner Schwester und seinem Schwager Anita und Gerd Pohl weitergef\u00fchrt. 2020 \u00fcbernahm mit J\u00f6rg und Sandra Pohl die n\u00e4chste Generation. Diese Zeichnung zeigt den Br\u00fchler Markt. &hellip; <\/p>\n<p class=\"link-more\"><a href=\"https:\/\/taxi-pohl.de\/?page_id=2\" class=\"more-link\">Mehr <span class=\"screen-reader-text\">\u00fcber &#8222;\u00dcber Uns&#8220; <\/span>Lesen<\/a><\/p>\n","protected":false},"author":1,"featured_media":0,"parent":0,"menu_order":0,"comment_status":"closed","ping_status":"closed","template":"page-templates\/no-title.php","meta":{"inspiro_hide_title":false,"footnotes":""},"jetpack_sharing_enabled":true,"_links":{"self":[{"href":"https:\/\/taxi-pohl.de\/index.php?rest_route=\/wp\/v2\/pages\/2"}],"collection":[{"href":"https:\/\/taxi-pohl.de\/index.php?rest_route=\/wp\/v2\/pages"}],"about":[{"href":"https:\/\/taxi-pohl.de\/index.php?rest_route=\/wp\/v2\/types\/page"}],"author":[{"embeddable":true,"href":"https:\/\/taxi-pohl.de\/index.php?rest_route=\/wp\/v2\/users\/1"}],"replies":[{"embeddable":true,"href":"https:\/\/taxi-pohl.de\/index.php?rest_route=%2Fwp%2Fv2%2Fcomments&post=2"}],"version-history":[{"count":11,"href":"https:\/\/taxi-pohl.de\/index.php?rest_route=\/wp\/v2\/pages\/2\/revisions"}],"predecessor-version":[{"id":513,"href":"https:\/\/taxi-pohl.de\/index.php?rest_route=\/wp\/v2\/pages\/2\/revisions\/513"}],"wp:attachment":[{"href":"https:\/\/taxi-pohl.de\/index.php?rest_route=%2Fwp%2Fv2%2Fmedia&parent=2"}],"curies":[{"name":"wp","href":"https:\/\/api.w.org\/{rel}","templated":true}]}}