{"id":47,"date":"2023-09-09T10:42:10","date_gmt":"2023-09-09T10:42:10","guid":{"rendered":"https:\/\/taxi-pohl.de\/?page_id=47"},"modified":"2024-04-01T15:50:02","modified_gmt":"2024-04-01T15:50:02","slug":"datenschutz","status":"publish","type":"page","link":"https:\/\/taxi-pohl.de\/?page_id=47","title":{"rendered":"Datenschutz"},"content":{"rendered":"\n<div class=\"wp-block-group alignfull has-primary-background-color has-background has-global-padding is-layout-constrained wp-block-group-is-layout-constrained\">\n<div class=\"wp-block-group is-layout-flow wp-block-group-is-layout-flow\">\n<div class=\"wp-block-columns alignfull has-white-color has-text-color has-link-color wp-elements-c5da8e274070cdd8568e16a1c517c6e5 is-layout-flex wp-container-core-columns-is-layout-1 wp-block-columns-is-layout-flex\">\n<div class=\"wp-block-column is-layout-flow wp-block-column-is-layout-flow\" style=\"flex-basis:100%\">\n<p><\/p>\n\n\n\n<h2 class=\"wp-block-heading has-white-color has-text-color has-link-color has-x-large-font-size wp-elements-0c6762cd8c6a22428fa3b35d8194b4d8\" id=\"imPgTitle\" style=\"font-style:normal;font-weight:100\">Datenschutz<\/h2>\n\n\n\n<p>Hinweise zum Datenschutz<\/p>\n\n\n\n<p>Taxi Pohl freut sich \u00fcber Ihren Besuch auf unsere Homepage und Ihr Interesse an unserem Unternehmen.<\/p>\n\n\n\n<p>Taxi Pohl nimmt den Schutz von pers\u00f6nlichen Daten sehr ernst. Aus diesem Grund m\u00f6chten wir Sie dar\u00fcber informieren, welche Daten und Informationen wir speichern und wie wir diese verwenden. Die Verarbeitung der Daten erfolgt gem\u00e4\u00df den gesetzlichen Bestimmungen des Landes, in dem die f\u00fcr die Datenverarbeitung verantwortliche Stelle ihren Sitz hat.<\/p>\n\n\n\n<p>Erfassung von Daten<\/p>\n\n\n\n<p>Beim Besuch unserer Homepage werden automatisch Daten gespeichert. Die eingesetzten Webserver speichern standardm\u00e4\u00dfig:<\/p>\n\n\n\n<ul>\n<li>Datum und Uhrzeit,<\/li>\n\n\n\n<li>den Namen Ihres Internetserviceproviders,<\/li>\n\n\n\n<li>die Website, von der aus Sie uns besuchen,<\/li>\n\n\n\n<li>die Websites, die Sie bei uns besuchen,<\/li>\n\n\n\n<li>Ihre IP-Adresse und<\/li>\n\n\n\n<li>Ihren benutzten Browser.<\/li>\n<\/ul>\n\n\n\n<p>Wenn Sie sich als Benutzer auf unserer Website anmelden, wird zus\u00e4tzlich die zur Anmeldung notwendige Benutzer-ID gespeichert. Es erfolgt keine personenbezogene Verwertung der Daten, auch wenn diese unter Umst\u00e4nden eine Identifizierung zulassen. Sofern wir die Daten auswerten, geschieht dies in anonymisierter Form mit dem Zweck, die Attraktivit\u00e4t, die Inhalte und die Funktionalit\u00e4ten unserer Homepage zu verbessern. Soweit hierbei Daten an externe Dienstleister weitergegeben werden, stellen wir durch technische und organisatorische Ma\u00dfnahmen sicher, dass die Vorschriften des Datenschutzes beachtet werden.<\/p>\n\n\n\n<p>Erhebung und Verarbeitung personenbezogener Daten<\/p>\n\n\n\n<p>Personenbezogene Daten werden nur dann erhoben, wenn Sie uns diese von sich aus z. B. im Rahmen einer Registrierung, durch das Ausf\u00fcllen von Formularen, das Versenden von E-Mails oder zur Anbahnung oder Durchf\u00fchrung eines Vertrages zur Verf\u00fcgung stellen.<\/p>\n\n\n\n<p><strong>Zweckbindung der Nutzung und Weitergabe personenbezogener Daten<\/strong><\/p>\n\n\n\n<p>Die Daten und ihre Inhalte bleiben in unserem Unternehmen, verbundenen Unternehmen und bei unserem Provider. Ihre pers\u00f6nlichen Daten werden nur zu dem Zweck verwendet, f\u00fcr den Sie uns diese Daten \u00fcberlassen haben. Eine \u00dcbermittlung an staatliche Einrichtungen, Beh\u00f6rden oder Dritte erfolgt ausschlie\u00dflich im Rahmen nationaler oder europ\u00e4ischer Rechtsvorschriften und Verordnungen. Dar\u00fcber hinaus werden keine personenbezogenen Daten an Dritte \u00fcbermittelt. Unsere Mitarbeiter sind von uns zur Verschwiegenheit und auf den Schutz \u00fcberlassener personenbezogener Daten verpflichtet.<\/p>\n\n\n\n<p>Recht auf Widerruf, Auskunfts- und Berichtigung<\/p>\n\n\n\n<p>Soweit Sie in einer unserer Anwendungen Ihr Einverst\u00e4ndnis zur Nutzung Ihrer Daten f\u00fcr den Erhalt von Unternehmens- und Produktinformationen erteilt haben, k\u00f6nnen Sie Ihre jeweilige Einwilligung jederzeit mit Wirkung f\u00fcr die Zukunft widerrufen. Eine L\u00f6schung ihrer personenbezogenen Daten kann nicht erfolgen, wenn wir aufgrund nationaler oder europ\u00e4ischer Rechtvorschriften und Verordnungen zur Aufbewahrung verpflichtet sind.<\/p>\n\n\n\n<p>Sie haben das Recht, Auskunft \u00fcber alle Ihre bei uns gespeicherten personenbezogenen Daten zu erhalten, diese zu \u00fcberpr\u00fcfen, ggf. berichtigen und l\u00f6schen zu lassen. Auf Anforderung teilt ihnen Borgers schriftlich mit, ob und welche personenbezogenen Daten \u00fcber Sie bei uns gespeichert sind. Hierzu gen\u00fcgt eine E-Mail mit ihren vollst\u00e4ndigen Kontaktdaten an die im Impressum genannte E-Mail-Adresse oder an den Datenschutzverantwortlichen (Kontaktdaten siehe unten). Sollten trotz unserer Bem\u00fchungen um Datenrichtigkeit und Aktualit\u00e4t falsche Informationen gespeichert sein, werden wir diese nach entsprechendem schriftlichen Hinweis berichtigen.<\/p>\n\n\n\n<p>Aufbewahrung von Daten (Data Retention)<\/p>\n\n\n\n<p>Wir speichern personenbezogene Daten so lange, wie es n\u00f6tig ist, um Ihr Anliegen zu bearbeiten oder eine Dienstleistung auszuf\u00fchren, die Sie gew\u00fcnscht oder zu der Sie Ihre Einwilligung erteilt haben, sofern keine anderslautenden gesetzlichen Verpflichtungen bestehen, wie zum Beispiel bei laufenden Gerichtsverfahren.<\/p>\n\n\n\n<p>Google Analytics und\u00a0Einsatz von Cookies<\/p>\n\n\n\n<p>Diese Website benutzt Google Analytics, einen Webanalysedienst der Google Inc. (\u201eGoogle\u201c). Google Analytics verwendet sog. \u201eCookies\u201c, Textdateien, die auf Ihrem Computer gespeichert werden und zum einen die Wiedererkennung und zum anderen eine Analyse der Benutzung der Website durch Sie erm\u00f6glichen. Die durch die Cookies erzeugten Informationen \u00fcber Ihre Benutzung dieser Website werden in der Regel an einen Server von Google in den USA \u00fcbertragen und dort gespeichert. Im Falle der Aktivierung der IP-Anonymisierung auf dieser Website, wird Ihre IP-Adresse von Google jedoch innerhalb von Mitgliedstaaten der Europ\u00e4ischen Union oder in anderen Vertragsstaaten des Abkommens \u00fcber den Europ\u00e4ischen Wirtschaftsraum zuvor gek\u00fcrzt. Im Auftrag des Betreibers dieser Website wird Google diese Informationen benutzen, um Ihre Nutzung der Website auszuwerten, um Reports \u00fcber die Websiteaktivit\u00e4ten zusammenzustellen und um weitere mit der Websitenutzung und der Internetnutzung verbundene Dienstleistungen gegen\u00fcber dem Websitebetreiber zu erbringen. Sie k\u00f6nnen die Speicherung der Cookies durch eine entsprechende Einstellung Ihrer Browser-Software verhindern; wir weisen Sie jedoch darauf hin, dass Sie in diesem Fall gegebenenfalls nicht s\u00e4mtliche Funktionen dieser Website vollumf\u00e4nglich werden nutzen k\u00f6nnen. Sie k\u00f6nnen dar\u00fcber hinaus die Erfassung der durch die Cookies erzeugten und auf Ihre Nutzung der Website bezogenen Daten (inkl. Ihrer IP-Adresse) an Google sowie die Verarbeitung dieser Daten durch Google verhindern, indem Sie das unter dem folgenden Link (http:\/\/tools.google.com\/dlpage\/gaoptout?hl=de) verf\u00fcgbare Browser-Plugin herunterladen und installieren.<\/p>\n\n\n\n<p>Es wird ein Opt-Out-Cookie gesetzt, das die zuk\u00fcnftige Erfassung Ihrer Daten beim Besuch dieser Website verhindert: Google Analytics deaktivieren<\/p>\n\n\n\n<p>N\u00e4here Informationen zu den Nutzungsbedingungen und zum Datenschutz von Google Analytics finden Sie unter www.google.com\/analytics\/terms\/de.html bzw. unter www.google.de\/intl\/de\/policies\/.<\/p>\n\n\n\n<p>Wir weisen Sie darauf hin, dass auf dieser Website Google Analytics um den Code \u201egat._anonymizeIp();\u201c erweitert wurde, um eine anonymisierte Erfassung von IP-Adressen (sog. IP-Masking) zu gew\u00e4hrleisten.<\/p>\n\n\n\n<p>Sicherheit<\/p>\n\n\n\n<p>Taxi Pohl setzt technische und organisatorische Sicherheitsma\u00dfnahmen ein, um Ihre zur Verf\u00fcgung gestellten Daten vor zuf\u00e4lliger oder vors\u00e4tzlicher Manipulation, Verlust, Zerst\u00f6rung oder Zugriff unberechtigter Personen zu sch\u00fctzen. Im Falle der Erhebung und Verarbeitung pers\u00f6nlicher Daten werden die Informationen in verschl\u00fcsselter Form \u00fcbertragen, um einem Missbrauch der Daten durch Dritte vorzubeugen. Unsere Sicherungsma\u00dfnahmen werden entsprechend der technologischen Entwicklung fortlaufend \u00fcberarbeitet.<\/p>\n\n\n\n<p>Kontakt<\/p>\n\n\n\n<p>Taxi Pohl<\/p>\n\n\n\n<p>Datenschutzbeauftragter<\/p>\n\n\n\n<p>Janshof 7<\/p>\n\n\n\n<p>50321 Br\u00fchl<\/p>\n\n\n\n<p>datenschutzbeauftragter (at) taxi-pohl.de<\/p>\n\n\n\n<p>Die st\u00e4ndige Entwicklung des Internet macht von Zeit zu Zeit Anpassungen unserer Datenschutzerkl\u00e4rung erforderlich. Wir behalten uns daher vor, jederzeit entsprechende \u00c4nderungen vorzunehmen.<\/p>\n\n\n\n<p>Unsere Fahrzeuge sind leicht schon aus der Ferne zu erkennen. Ein gelber W\u00fcrfel an der Antenne zeigt Ihnen das Taxi Pohl in der N\u00e4he ist.<\/p>\n\n\n\n<p>Anschrift<\/p>\n\n\n\n<p>Taxi Pohl<\/p>\n\n\n\n<p>Janshof 17<\/p>\n\n\n\n<p>50321 Br\u00fchl<\/p>\n\n\n\n<p>Tel. 02232\/13333<\/p>\n\n\n\n<p>Fax 02232\/46565<\/p>\n\n\n\n<p>info (at) taxi-pohl.de<\/p>\n\n\n\n<p>www.taxi-pohl.de<\/p>\n\n\n\n<p>Wir bef\u00f6rdern Sie!<\/p>\n<\/div>\n<\/div>\n\n\n\n<div style=\"height:100px\" aria-hidden=\"true\" class=\"wp-block-spacer\"><\/div>\n<\/div>\n<\/div>\n","protected":false},"excerpt":{"rendered":"<p>Datenschutz Hinweise zum Datenschutz Taxi Pohl freut sich \u00fcber Ihren Besuch auf unsere Homepage und Ihr Interesse an unserem Unternehmen. Taxi Pohl nimmt den Schutz von pers\u00f6nlichen Daten sehr ernst. Aus diesem Grund m\u00f6chten wir Sie dar\u00fcber informieren, welche Daten und Informationen wir speichern und wie wir diese verwenden. Die Verarbeitung der Daten erfolgt gem\u00e4\u00df &hellip; <\/p>\n<p class=\"link-more\"><a href=\"https:\/\/taxi-pohl.de\/?page_id=47\" class=\"more-link\">Mehr <span class=\"screen-reader-text\">\u00fcber &#8222;Datenschutz&#8220; <\/span>Lesen<\/a><\/p>\n","protected":false},"author":1,"featured_media":0,"parent":0,"menu_order":0,"comment_status":"closed","ping_status":"closed","template":"page-templates\/no-title.php","meta":{"inspiro_hide_title":false,"footnotes":""},"jetpack_sharing_enabled":true,"_links":{"self":[{"href":"https:\/\/taxi-pohl.de\/index.php?rest_route=\/wp\/v2\/pages\/47"}],"collection":[{"href":"https:\/\/taxi-pohl.de\/index.php?rest_route=\/wp\/v2\/pages"}],"about":[{"href":"https:\/\/taxi-pohl.de\/index.php?rest_route=\/wp\/v2\/types\/page"}],"author":[{"embeddable":true,"href":"https:\/\/taxi-pohl.de\/index.php?rest_route=\/wp\/v2\/users\/1"}],"replies":[{"embeddable":true,"href":"https:\/\/taxi-pohl.de\/index.php?rest_route=%2Fwp%2Fv2%2Fcomments&post=47"}],"version-history":[{"count":4,"href":"https:\/\/taxi-pohl.de\/index.php?rest_route=\/wp\/v2\/pages\/47\/revisions"}],"predecessor-version":[{"id":419,"href":"https:\/\/taxi-pohl.de\/index.php?rest_route=\/wp\/v2\/pages\/47\/revisions\/419"}],"wp:attachment":[{"href":"https:\/\/taxi-pohl.de\/index.php?rest_route=%2Fwp%2Fv2%2Fmedia&parent=47"}],"curies":[{"name":"wp","href":"https:\/\/api.w.org\/{rel}","templated":true}]}}